{"id":951,"date":"2022-01-04T12:30:13","date_gmt":"2022-01-04T12:30:13","guid":{"rendered":"http:\/\/surtiriegofacatativa.com\/?post_type=product&#038;p=951"},"modified":"2024-10-11T00:25:16","modified_gmt":"2024-10-11T00:25:16","slug":"husqvarna-226r","status":"publish","type":"product","link":"https:\/\/surtiriegofacatativa.com\/?product=husqvarna-226r","title":{"rendered":"HUSQVARNA 226R"},"content":{"rendered":"","protected":false},"excerpt":{"rendered":"<p>Husqvarna 226R es una guada\u00f1adora de alta duraci\u00f3n desarrollada para el trabajo de mantenimiento. Con un motor fiable, embrague de m\u00e1xima resistencia y un filtro de aire eficiente garantiza una larga vida \u00fatil .Se entrega junto con un cabezal de corte (T35), la cuchilla de hierba (Multi 255-3) y un arn\u00e9s est\u00e1ndar.<\/p>\n<div class=\"\">\n<div class=\"col-xs-12 \">\n<div class=\"row\">\n<ul class=\"list-unstyled col-xs-12 product-properties\">\n<li class=\"row\">\n<div class=\"col-xs-8 col-md-6 no-padding\">\n<div class=\"product-icon-holder\"><i class=\"c-icon hq-icon hq-icon-engine-motor hq-icon-x1 \" title=\"\"><\/i>Cilindrada<\/div>\n<\/div>\n<div class=\"col-xs-4 col-md-6\"><strong>25.4 cm\u00b3<\/strong><\/div>\n<\/li>\n<li class=\"row\">\n<div class=\"col-xs-8 col-md-6 no-padding\">\n<div class=\"product-icon-holder\"><i class=\"c-icon hq-icon hq-icon-power hq-icon-x1 \" title=\"\"><\/i>Potencia<\/div>\n<\/div>\n<div class=\"col-xs-4 col-md-6\"><strong>0.8 kW<\/strong><\/div>\n<\/li>\n<li class=\"row\">\n<div class=\"col-xs-8 col-md-6 no-padding\">\n<div class=\"product-icon-holder\"><i class=\"c-icon hq-icon hq-icon-weight hq-icon-x1 \" title=\"\"><\/i>Peso sin equipo de corte<\/div>\n<\/div>\n<div class=\"col-xs-4 col-md-6\"><strong>5.2 kg<\/strong><\/div>\n<\/li>\n<li class=\"row\">\n<div class=\"col-xs-8 col-md-6 no-padding\">\n<div class=\"product-icon-holder\"><i class=\"c-icon hq-icon hq-icon-placeholder hq-icon-x1 \" title=\"\"><\/i>Volumen del Tanque<\/div>\n<\/div>\n<div class=\"col-xs-4 col-md-6\"><strong>0.75 l<\/strong><\/div>\n<\/li>\n<\/ul>\n<\/div>\n<\/div>\n<\/div>\n","protected":false},"featured_media":2976,"template":"","meta":{"_mi_skip_tracking":false,"_monsterinsights_sitenote_active":false,"_monsterinsights_sitenote_note":"","_monsterinsights_sitenote_category":0,"_joinchat":[]},"product_cat":[18],"product_tag":[],"class_list":{"0":"post-951","1":"product","2":"type-product","3":"status-publish","4":"has-post-thumbnail","6":"product_cat-v","7":"thunk-woo-product-list","8":"opn-qv-enable","9":"top-store-woo-hover-","10":"top-store-single-product-tab-horizontal","11":"top-store-shadow-","12":"top-store-shadow-hover-","14":"first","15":"instock","16":"virtual","17":"purchasable","18":"product-type-simple"},"aioseo_notices":[],"_links":{"self":[{"href":"https:\/\/surtiriegofacatativa.com\/index.php?rest_route=\/wp\/v2\/product\/951","targetHints":{"allow":["GET"]}}],"collection":[{"href":"https:\/\/surtiriegofacatativa.com\/index.php?rest_route=\/wp\/v2\/product"}],"about":[{"href":"https:\/\/surtiriegofacatativa.com\/index.php?rest_route=\/wp\/v2\/types\/product"}],"wp:featuredmedia":[{"embeddable":true,"href":"https:\/\/surtiriegofacatativa.com\/index.php?rest_route=\/wp\/v2\/media\/2976"}],"wp:attachment":[{"href":"https:\/\/surtiriegofacatativa.com\/index.php?rest_route=%2Fwp%2Fv2%2Fmedia&parent=951"}],"wp:term":[{"taxonomy":"product_cat","embeddable":true,"href":"https:\/\/surtiriegofacatativa.com\/index.php?rest_route=%2Fwp%2Fv2%2Fproduct_cat&post=951"},{"taxonomy":"product_tag","embeddable":true,"href":"https:\/\/surtiriegofacatativa.com\/index.php?rest_route=%2Fwp%2Fv2%2Fproduct_tag&post=951"}],"curies":[{"name":"wp","href":"https:\/\/api.w.org\/{rel}","templated":true}]}}