{"id":949,"date":"2022-01-04T12:25:58","date_gmt":"2022-01-04T12:25:58","guid":{"rendered":"http:\/\/surtiriegofacatativa.com\/?post_type=product&#038;p=949"},"modified":"2024-10-03T18:35:47","modified_gmt":"2024-10-03T18:35:47","slug":"husqvarna-143r-ii","status":"publish","type":"product","link":"https:\/\/surtiriegofacatativa.com\/?product=husqvarna-143r-ii","title":{"rendered":"HUSQVARNA 143R-II"},"content":{"rendered":"","protected":false},"excerpt":{"rendered":"<p><span style=\"vertical-align: inherit;\"><span style=\"vertical-align: inherit;\"><span style=\"vertical-align: inherit;\"><span style=\"vertical-align: inherit;\">Husqvarna 143RII es una m\u00e1quina que alcanza y supera las expectativas de los usuarios m\u00e1s exigentes, de constituci\u00f3n robusta, dise\u00f1ada para uso profesional. <\/span><\/span><\/span><span style=\"vertical-align: inherit;\"><span style=\"vertical-align: inherit;\"><span style=\"vertical-align: inherit;\">El manillar tiene un dise\u00f1o ergon\u00f3mico que conduce a mejores condiciones de trabajo, adem\u00e1s cuenta con un dep\u00f3sito de combustible transl\u00facido para comprobar el nivel de consumo.<\/span><\/span><\/span><\/span><\/p>\n<div class=\"\">\n<div class=\"col-xs-12 \">\n<div class=\"row\">\n<ul class=\"list-unstyled col-xs-12 product-properties\">\n<li class=\"row\">\n<div class=\"col-xs-8 col-md-6 no-padding\">\n<div class=\"product-icon-holder\"><i class=\"c-icon hq-icon hq-icon-engine-motor hq-icon-x1 \" title=\"\"><\/i><span style=\"vertical-align: inherit;\"><span style=\"vertical-align: inherit;\"><span style=\"vertical-align: inherit;\"><span style=\"vertical-align: inherit;\">cilindrada<\/span><\/span><\/span><\/span><\/div>\n<\/div>\n<div class=\"col-xs-4 col-md-6\"><strong><span style=\"vertical-align: inherit;\"><span style=\"vertical-align: inherit;\"><span style=\"vertical-align: inherit;\"><span style=\"vertical-align: inherit;\"><span style=\"vertical-align: inherit;\"><span style=\"vertical-align: inherit;\">41,5 cm\u00b3<\/span><\/span><\/span><\/span><\/span><\/span><\/strong><\/div>\n<\/li>\n<li class=\"row\">\n<div class=\"col-xs-8 col-md-6 no-padding\">\n<div class=\"product-icon-holder\"><i class=\"c-icon hq-icon hq-icon-power hq-icon-x1 \" title=\"\"><\/i><span style=\"vertical-align: inherit;\"><span style=\"vertical-align: inherit;\"><span style=\"vertical-align: inherit;\"><span style=\"vertical-align: inherit;\">potencia<\/span><\/span><\/span><\/span><\/div>\n<\/div>\n<div class=\"col-xs-4 col-md-6\"><strong><span style=\"vertical-align: inherit;\"><span style=\"vertical-align: inherit;\"><span style=\"vertical-align: inherit;\"><span style=\"vertical-align: inherit;\">1,5 kilovatios<\/span><\/span><\/span><\/span><\/strong><\/div>\n<\/li>\n<li class=\"row\">\n<div class=\"col-xs-8 col-md-6 no-padding\">\n<div class=\"product-icon-holder\"><i class=\"c-icon hq-icon hq-icon-weight hq-icon-x1 \" title=\"\"><\/i><span style=\"vertical-align: inherit;\"><span style=\"vertical-align: inherit;\"><span style=\"vertical-align: inherit;\"><span style=\"vertical-align: inherit;\">peso sin equipo de corte<\/span><\/span><\/span><\/span><\/div>\n<\/div>\n<div class=\"col-xs-4 col-md-6\"><strong><span style=\"vertical-align: inherit;\"><span style=\"vertical-align: inherit;\"><span style=\"vertical-align: inherit;\"><span style=\"vertical-align: inherit;\"><span style=\"vertical-align: inherit;\"><span style=\"vertical-align: inherit;\">7,2 kilos<\/span><\/span><\/span><\/span><\/span><\/span><\/strong><\/div>\n<\/li>\n<li class=\"row\">\n<div class=\"col-xs-8 col-md-6 no-padding\">\n<div class=\"product-icon-holder\"><i class=\"c-icon hq-icon hq-icon-placeholder hq-icon-x1 \" title=\"\"><\/i><span style=\"vertical-align: inherit;\"><span style=\"vertical-align: inherit;\"><span style=\"vertical-align: inherit;\"><span style=\"vertical-align: inherit;\">Volumen del Tanque<\/span><\/span><\/span><\/span><\/div>\n<\/div>\n<div class=\"col-xs-4 col-md-6\"><strong><span style=\"vertical-align: inherit;\"><span style=\"vertical-align: inherit;\"><span style=\"vertical-align: inherit;\"><span style=\"vertical-align: inherit;\">0,95 litros<\/span><\/span><\/span><\/span><\/strong><\/div>\n<\/li>\n<\/ul>\n<\/div>\n<\/div>\n<\/div>\n","protected":false},"featured_media":2410,"template":"","meta":{"_mi_skip_tracking":false,"_monsterinsights_sitenote_active":false,"_monsterinsights_sitenote_note":"","_monsterinsights_sitenote_category":0,"_joinchat":[]},"product_cat":[18],"product_tag":[],"class_list":{"0":"post-949","1":"product","2":"type-product","3":"status-publish","4":"has-post-thumbnail","6":"product_cat-v","7":"thunk-woo-product-list","8":"opn-qv-enable","9":"top-store-woo-hover-","10":"top-store-single-product-tab-horizontal","11":"top-store-shadow-","12":"top-store-shadow-hover-","14":"first","15":"onbackorder","16":"virtual","17":"purchasable","18":"product-type-simple"},"aioseo_notices":[],"_links":{"self":[{"href":"https:\/\/surtiriegofacatativa.com\/index.php?rest_route=\/wp\/v2\/product\/949","targetHints":{"allow":["GET"]}}],"collection":[{"href":"https:\/\/surtiriegofacatativa.com\/index.php?rest_route=\/wp\/v2\/product"}],"about":[{"href":"https:\/\/surtiriegofacatativa.com\/index.php?rest_route=\/wp\/v2\/types\/product"}],"wp:featuredmedia":[{"embeddable":true,"href":"https:\/\/surtiriegofacatativa.com\/index.php?rest_route=\/wp\/v2\/media\/2410"}],"wp:attachment":[{"href":"https:\/\/surtiriegofacatativa.com\/index.php?rest_route=%2Fwp%2Fv2%2Fmedia&parent=949"}],"wp:term":[{"taxonomy":"product_cat","embeddable":true,"href":"https:\/\/surtiriegofacatativa.com\/index.php?rest_route=%2Fwp%2Fv2%2Fproduct_cat&post=949"},{"taxonomy":"product_tag","embeddable":true,"href":"https:\/\/surtiriegofacatativa.com\/index.php?rest_route=%2Fwp%2Fv2%2Fproduct_tag&post=949"}],"curies":[{"name":"wp","href":"https:\/\/api.w.org\/{rel}","templated":true}]}}