{"id":2878,"date":"2024-10-10T10:46:16","date_gmt":"2024-10-10T10:46:16","guid":{"rendered":"https:\/\/surtiriegofacatativa.com\/?post_type=product&#038;p=2878"},"modified":"2024-10-10T11:05:25","modified_gmt":"2024-10-10T11:05:25","slug":"husqvarna-541rs","status":"publish","type":"product","link":"https:\/\/surtiriegofacatativa.com\/?product=husqvarna-541rs","title":{"rendered":"HUSQVARNA 541RS"},"content":{"rendered":"","protected":false},"excerpt":{"rendered":"<p>Dise\u00f1ada para trabajar todo el d\u00eda, todos los d\u00edas, en entornos calurosos y polvorientos, la Guada\u00f1adora Husqvarna 541RS est\u00e1 construida para ser resistente y confiable, f\u00e1cil de usar y f\u00e1cil de reparar y mantener. Con un motor probado de 1.6 kW y un embrague de servicio pesado, ofrece un rendimiento confiable en el que puede confiar.<\/p>\n<table class=\"hbd-table hbd-spec-table\">\n<tbody>\n<tr class=\"hbd-spec-table__group-start hbd-spec-table__column-sticky\">\n<td class=\"hbd-spec-table__group-name hui-text-subtitle1\">Motor<\/td>\n<td class=\"hbd-spec-table__article hui-text-body2 hbd-spec-table__article--active\">\n<div>T45X+Multi 330-2 (1&#8243;)<\/div>\n<div class=\"hbd-spec-table__article-number\">N.\u00ba de art\u00edculo: 967\u00a066\u00a008\u201102<\/div>\n<\/td>\n<\/tr>\n<tr class=\"hbd-spec-table__spec-row hbd-spec-table__column-sticky\">\n<th class=\"hbd-spec-table__spec-name hui-text-body2\">Cilindrada<\/th>\n<td class=\"hbd-spec-table__spec-value hui-text-body2 hbd-spec-table__spec-value--active\">41,5 cm\u00b3<\/td>\n<\/tr>\n<tr class=\"hbd-spec-table__spec-row hbd-spec-table__column-sticky\">\n<th class=\"hbd-spec-table__spec-name hui-text-body2\">\n<div>Potencia<sup>1<\/sup><\/div>\n<\/th>\n<td class=\"hbd-spec-table__spec-value hui-text-body2 hbd-spec-table__spec-value--active\">1,6 kW<\/td>\n<\/tr>\n<tr class=\"hbd-spec-table__spec-row hbd-spec-table__column-sticky\">\n<th class=\"hbd-spec-table__spec-name hui-text-body2\">Capacidad del tanque<\/th>\n<td class=\"hbd-spec-table__spec-value hui-text-body2 hbd-spec-table__spec-value--active\">0,94 l<\/td>\n<\/tr>\n<tr class=\"hbd-spec-table__spec-row hbd-spec-table__column-sticky\">\n<th class=\"hbd-spec-table__spec-name hui-text-body2\">Consumo de combustible<\/th>\n<td class=\"hbd-spec-table__spec-value hui-text-body2 hbd-spec-table__spec-value--active\">612 g\/kWh<\/td>\n<\/tr>\n<tr class=\"hbd-spec-table__spec-row hbd-spec-table__column-sticky\">\n<th class=\"hbd-spec-table__spec-name hui-text-body2\">Velocidad de potencia m\u00e1xima<\/th>\n<td class=\"hbd-spec-table__spec-value hui-text-body2 hbd-spec-table__spec-value--active\">7.000 rpm<\/td>\n<\/tr>\n<tr class=\"hbd-spec-table__spec-row hbd-spec-table__column-sticky\">\n<th class=\"hbd-spec-table__spec-name hui-text-body2\">Velocidad sin carga<\/th>\n<td class=\"hbd-spec-table__spec-value hui-text-body2 hbd-spec-table__spec-value--active\">2.500 rpm<\/td>\n<\/tr>\n<tr class=\"hbd-spec-table__spec-row hbd-spec-table__column-sticky\">\n<th class=\"hbd-spec-table__spec-name hui-text-body2\">R.P.M. m\u00e1ximas en salida<\/th>\n<td class=\"hbd-spec-table__spec-value hui-text-body2 hbd-spec-table__spec-value--active\">8.570 rpm<\/td>\n<\/tr>\n<tr class=\"hbd-spec-table__spec-row hbd-spec-table__column-sticky\">\n<th class=\"hbd-spec-table__spec-name hui-text-body2\">Holgura de electrodo<\/th>\n<td class=\"hbd-spec-table__spec-value hui-text-body2 hbd-spec-table__spec-value--active\">0,6 mm<\/td>\n<\/tr>\n<tr class=\"hbd-spec-table__spec-row hbd-spec-table__column-sticky\">\n<th class=\"hbd-spec-table__spec-name hui-text-body2\">Velocidad de la conexi\u00f3n del embrague (\u00b1120)<\/th>\n<td class=\"hbd-spec-table__spec-value hui-text-body2 hbd-spec-table__spec-value--active\">3.200 rpm<\/td>\n<\/tr>\n<tr class=\"hbd-spec-table__spec-row hbd-spec-table__column-sticky\">\n<th class=\"hbd-spec-table__spec-name hui-text-body2\">Torque, max.<\/th>\n<td class=\"hbd-spec-table__spec-value hui-text-body2 hbd-spec-table__spec-value--active\">2,25 Nm<\/td>\n<\/tr>\n<tr class=\"hbd-spec-table__spec-row hbd-spec-table__column-sticky\">\n<th class=\"hbd-spec-table__spec-name hui-text-body2\">Torsi\u00f3n m\u00e1x. a rpm<\/th>\n<td class=\"hbd-spec-table__spec-value hui-text-body2 hbd-spec-table__spec-value--active\">5.000 rpm<\/td>\n<\/tr>\n<tr class=\"hbd-spec-table__spec-row hbd-spec-table__column-sticky\">\n<th class=\"hbd-spec-table__spec-name hui-text-body2\">Tipo de Buj\u00eda<\/th>\n<td class=\"hbd-spec-table__spec-value hui-text-body2 hbd-spec-table__spec-value--active\">NGK BPM7A<\/td>\n<\/tr>\n<\/tbody>\n<\/table>\n","protected":false},"featured_media":2892,"template":"","meta":{"_mi_skip_tracking":false,"_monsterinsights_sitenote_active":false,"_monsterinsights_sitenote_note":"","_monsterinsights_sitenote_category":0,"_joinchat":[]},"product_cat":[18],"product_tag":[],"class_list":{"0":"post-2878","1":"product","2":"type-product","3":"status-publish","4":"has-post-thumbnail","6":"product_cat-v","7":"thunk-woo-product-list","8":"opn-qv-enable","9":"top-store-woo-hover-","10":"top-store-single-product-tab-horizontal","11":"top-store-shadow-","12":"top-store-shadow-hover-","14":"first","15":"onbackorder","16":"virtual","17":"purchasable","18":"product-type-simple"},"aioseo_notices":[],"_links":{"self":[{"href":"https:\/\/surtiriegofacatativa.com\/index.php?rest_route=\/wp\/v2\/product\/2878","targetHints":{"allow":["GET"]}}],"collection":[{"href":"https:\/\/surtiriegofacatativa.com\/index.php?rest_route=\/wp\/v2\/product"}],"about":[{"href":"https:\/\/surtiriegofacatativa.com\/index.php?rest_route=\/wp\/v2\/types\/product"}],"wp:featuredmedia":[{"embeddable":true,"href":"https:\/\/surtiriegofacatativa.com\/index.php?rest_route=\/wp\/v2\/media\/2892"}],"wp:attachment":[{"href":"https:\/\/surtiriegofacatativa.com\/index.php?rest_route=%2Fwp%2Fv2%2Fmedia&parent=2878"}],"wp:term":[{"taxonomy":"product_cat","embeddable":true,"href":"https:\/\/surtiriegofacatativa.com\/index.php?rest_route=%2Fwp%2Fv2%2Fproduct_cat&post=2878"},{"taxonomy":"product_tag","embeddable":true,"href":"https:\/\/surtiriegofacatativa.com\/index.php?rest_route=%2Fwp%2Fv2%2Fproduct_tag&post=2878"}],"curies":[{"name":"wp","href":"https:\/\/api.w.org\/{rel}","templated":true}]}}