{"id":1578,"date":"2023-05-29T13:38:13","date_gmt":"2023-05-29T13:38:13","guid":{"rendered":"https:\/\/surtiriegofacatativa.com\/?post_type=product&#038;p=1578"},"modified":"2024-10-02T15:05:46","modified_gmt":"2024-10-02T15:05:46","slug":"ms-170","status":"publish","type":"product","link":"https:\/\/surtiriegofacatativa.com\/?product=ms-170","title":{"rendered":"MS 170"},"content":{"rendered":"","protected":false},"excerpt":{"rendered":"<div class=\"product-details__description richtexteditor\">Peque\u00f1a motosierra de gasolina con motor 2-MIX. Especialmente recomendada para las labores de mantenimiento de los \u00e1rboles o cortar le\u00f1a para la chimenea&#8230; Buena para talar \u00e1rboles de hasta 30 cm de di\u00e1metro.<\/div>\n<div class=\"product-details__highlights\">\n<ul>\n<li>Pr\u00e1ctica motosierra de gasolina para cortar le\u00f1a<\/li>\n<li>M\u00e1quina b\u00e1sica para particulares y artesanos<\/li>\n<li>Manejo sencillo gracias al interruptor de arranque<\/li>\n<\/ul>\n<h2 class=\"m_product-specifications__headline\" data-test-id=\"pdp-specifications\">DETALLES T\u00c9CNICOS<\/h2>\n<div class=\"m_product-specifications__table\">\n<table data-test-id=\"pdp-spec-tech-table\">\n<tbody>\n<tr>\n<td>Cadena STIHL Oilomatic<\/td>\n<td><span style=\"vertical-align: inherit;\"><span style=\"vertical-align: inherit;\"><span style=\"vertical-align: inherit;\"><span style=\"vertical-align: inherit;\">Picco Micro Mini 3 (PMM3)<\/span><\/span><\/span><\/span><\/td>\n<\/tr>\n<tr>\n<td>Paso de cadena<\/td>\n<td><span style=\"vertical-align: inherit;\"><span style=\"vertical-align: inherit;\"><span style=\"vertical-align: inherit;\"><span style=\"vertical-align: inherit;\">3\/8&#8243; P<\/span><\/span><\/span><\/span><\/td>\n<\/tr>\n<tr>\n<td>Volumen del dep\u00f3sito<\/td>\n<td><span style=\"vertical-align: inherit;\"><span style=\"vertical-align: inherit;\"><span style=\"vertical-align: inherit;\"><span style=\"vertical-align: inherit;\">270 cm\u00b3<\/span><\/span><\/span><\/span><\/td>\n<\/tr>\n<tr>\n<td>Cilindrada<\/td>\n<td><span style=\"vertical-align: inherit;\"><span style=\"vertical-align: inherit;\"><span style=\"vertical-align: inherit;\"><span style=\"vertical-align: inherit;\">31,8 cm\u00b3<\/span><\/span><\/span><\/span><\/td>\n<\/tr>\n<tr>\n<td>Espada (estandar) Longitud de corte<\/td>\n<td><span style=\"vertical-align: inherit;\"><span style=\"vertical-align: inherit;\"><span style=\"vertical-align: inherit;\"><span style=\"vertical-align: inherit;\">30 cent\u00edmetros<\/span><\/span><\/span><\/span><\/td>\n<\/tr>\n<\/tbody>\n<\/table>\n<\/div>\n<\/div>\n","protected":false},"featured_media":1577,"template":"","meta":{"_mi_skip_tracking":false,"_monsterinsights_sitenote_active":false,"_monsterinsights_sitenote_note":"","_monsterinsights_sitenote_category":0,"_joinchat":{"message_text":"Cotizar","message_send":"esttoy ineresado"}},"product_cat":[47,39],"product_tag":[],"class_list":{"0":"post-1578","1":"product","2":"type-product","3":"status-publish","4":"has-post-thumbnail","6":"product_cat-motosierras-stihl","7":"product_cat-shill","8":"thunk-woo-product-list","9":"opn-qv-enable","10":"top-store-woo-hover-","11":"top-store-single-product-tab-horizontal","12":"top-store-shadow-","13":"top-store-shadow-hover-","15":"first","16":"instock","17":"virtual","18":"purchasable","19":"product-type-simple"},"aioseo_notices":[],"_links":{"self":[{"href":"https:\/\/surtiriegofacatativa.com\/index.php?rest_route=\/wp\/v2\/product\/1578","targetHints":{"allow":["GET"]}}],"collection":[{"href":"https:\/\/surtiriegofacatativa.com\/index.php?rest_route=\/wp\/v2\/product"}],"about":[{"href":"https:\/\/surtiriegofacatativa.com\/index.php?rest_route=\/wp\/v2\/types\/product"}],"wp:featuredmedia":[{"embeddable":true,"href":"https:\/\/surtiriegofacatativa.com\/index.php?rest_route=\/wp\/v2\/media\/1577"}],"wp:attachment":[{"href":"https:\/\/surtiriegofacatativa.com\/index.php?rest_route=%2Fwp%2Fv2%2Fmedia&parent=1578"}],"wp:term":[{"taxonomy":"product_cat","embeddable":true,"href":"https:\/\/surtiriegofacatativa.com\/index.php?rest_route=%2Fwp%2Fv2%2Fproduct_cat&post=1578"},{"taxonomy":"product_tag","embeddable":true,"href":"https:\/\/surtiriegofacatativa.com\/index.php?rest_route=%2Fwp%2Fv2%2Fproduct_tag&post=1578"}],"curies":[{"name":"wp","href":"https:\/\/api.w.org\/{rel}","templated":true}]}}