{"id":1491,"date":"2023-05-26T02:42:51","date_gmt":"2023-05-26T02:42:51","guid":{"rendered":"https:\/\/surtiriegofacatativa.com\/?post_type=product&#038;p=1491"},"modified":"2024-10-03T14:44:59","modified_gmt":"2024-10-03T14:44:59","slug":"motobomba-w80p","status":"publish","type":"product","link":"https:\/\/surtiriegofacatativa.com\/?product=motobomba-w80p","title":{"rendered":"MOTOBOMBA W80P"},"content":{"rendered":"","protected":false},"excerpt":{"rendered":"<p>Motobomba de tama\u00f1o medio, dise\u00f1ada para riego y drenaje de agua. Equipada con motor potente de arranque sencillo y caracter\u00edsticas que garantizan un rendimiento \u00f3ptimo incluso en condiciones duras de trabajo. Con estructura que protege la m\u00e1quina de posibles golpes y que sirve como asa de elevaci\u00f3n.<\/p>\n<p>&nbsp;<\/p>\n<table class=\"hbd-table hbd-spec-table\">\n<tbody>\n<tr class=\"hbd-spec-table__spec-row hbd-spec-table__column-sticky\">\n<th class=\"hbd-spec-table__spec-name hui-text-body2\">Capacidad de suministro m\u00e1xima<\/th>\n<td class=\"hbd-spec-table__spec-value hui-text-body2 hbd-spec-table__spec-value--active\">54.000 l\/h<\/td>\n<\/tr>\n<tr class=\"hbd-spec-table__group-start hbd-spec-table__column-sticky\">\n<td class=\"hbd-spec-table__group-name hui-text-subtitle1\">Emisi\u00f3n<\/td>\n<td class=\"hbd-spec-table__article hui-text-body2 hbd-spec-table__article--active\"><\/td>\n<\/tr>\n<tr class=\"hbd-spec-table__spec-row hbd-spec-table__column-sticky\">\n<th class=\"hbd-spec-table__spec-name hui-text-body2\">\n<div class=\"\">Emisiones de escape (CO2 EU V)<\/div>\n<\/th>\n<td class=\"hbd-spec-table__spec-value hui-text-body2 hbd-spec-table__spec-value--active\">610 g\/kWh<\/td>\n<\/tr>\n<tr class=\"hbd-spec-table__group-start hbd-spec-table__column-sticky\">\n<td class=\"hbd-spec-table__group-name hui-text-subtitle1\">Motor<\/td>\n<td class=\"hbd-spec-table__article hui-text-body2 hbd-spec-table__article--active\"><\/td>\n<\/tr>\n<tr class=\"hbd-spec-table__spec-row hbd-spec-table__column-sticky\">\n<th class=\"hbd-spec-table__spec-name hui-text-body2\">Cilindrada<\/th>\n<td class=\"hbd-spec-table__spec-value hui-text-body2 hbd-spec-table__spec-value--active\">196 cm\u00b3<\/td>\n<\/tr>\n<tr class=\"hbd-spec-table__spec-row hbd-spec-table__column-sticky\">\n<th class=\"hbd-spec-table__spec-name hui-text-body2\">Capacidad del tanque<\/th>\n<td class=\"hbd-spec-table__spec-value hui-text-body2 hbd-spec-table__spec-value--active\">3,6 l<\/td>\n<\/tr>\n<tr class=\"hbd-spec-table__spec-row hbd-spec-table__column-sticky\">\n<th class=\"hbd-spec-table__spec-name hui-text-body2\">Consumo de combustible<\/th>\n<td class=\"hbd-spec-table__spec-value hui-text-body2 hbd-spec-table__spec-value--active\">395 g\/kWh<\/td>\n<\/tr>\n<tr class=\"hbd-spec-table__spec-row hbd-spec-table__column-sticky\">\n<th class=\"hbd-spec-table__spec-name hui-text-body2\">Tipo de filtro de aire<\/th>\n<td class=\"hbd-spec-table__spec-value hui-text-body2 hbd-spec-table__spec-value--active\">Dry element<\/td>\n<\/tr>\n<tr class=\"hbd-spec-table__spec-row hbd-spec-table__column-sticky\">\n<th class=\"hbd-spec-table__spec-name hui-text-body2\">Combustible<\/th>\n<td class=\"hbd-spec-table__spec-value hui-text-body2 hbd-spec-table__spec-value--active\">Gasolina<\/td>\n<\/tr>\n<tr class=\"hbd-spec-table__group-start hbd-spec-table__column-sticky\">\n<td class=\"hbd-spec-table__group-name hui-text-subtitle1\">Dimensiones<\/td>\n<td class=\"hbd-spec-table__article hui-text-body2 hbd-spec-table__article--active\"><\/td>\n<\/tr>\n<tr class=\"hbd-spec-table__spec-row hbd-spec-table__column-sticky\">\n<th class=\"hbd-spec-table__spec-name hui-text-body2\">Peso<\/th>\n<td class=\"hbd-spec-table__spec-value hui-text-body2 hbd-spec-table__spec-value--active\">28 kg<\/td>\n<\/tr>\n<\/tbody>\n<\/table>\n","protected":false},"featured_media":1490,"template":"","meta":{"_mi_skip_tracking":false,"_monsterinsights_sitenote_active":false,"_monsterinsights_sitenote_note":"","_monsterinsights_sitenote_category":0,"_joinchat":[]},"product_cat":[42,16],"product_tag":[],"class_list":{"0":"post-1491","1":"product","2":"type-product","3":"status-publish","4":"has-post-thumbnail","6":"product_cat-bombas-de-agua-husqvarna","7":"product_cat-husqvarna-herramientas-de-corte-maquinaria-agricola","8":"thunk-woo-product-list","9":"opn-qv-enable","10":"top-store-woo-hover-","11":"top-store-single-product-tab-horizontal","12":"top-store-shadow-","13":"top-store-shadow-hover-","15":"first","16":"instock","17":"virtual","18":"purchasable","19":"product-type-simple"},"aioseo_notices":[],"_links":{"self":[{"href":"https:\/\/surtiriegofacatativa.com\/index.php?rest_route=\/wp\/v2\/product\/1491","targetHints":{"allow":["GET"]}}],"collection":[{"href":"https:\/\/surtiriegofacatativa.com\/index.php?rest_route=\/wp\/v2\/product"}],"about":[{"href":"https:\/\/surtiriegofacatativa.com\/index.php?rest_route=\/wp\/v2\/types\/product"}],"wp:featuredmedia":[{"embeddable":true,"href":"https:\/\/surtiriegofacatativa.com\/index.php?rest_route=\/wp\/v2\/media\/1490"}],"wp:attachment":[{"href":"https:\/\/surtiriegofacatativa.com\/index.php?rest_route=%2Fwp%2Fv2%2Fmedia&parent=1491"}],"wp:term":[{"taxonomy":"product_cat","embeddable":true,"href":"https:\/\/surtiriegofacatativa.com\/index.php?rest_route=%2Fwp%2Fv2%2Fproduct_cat&post=1491"},{"taxonomy":"product_tag","embeddable":true,"href":"https:\/\/surtiriegofacatativa.com\/index.php?rest_route=%2Fwp%2Fv2%2Fproduct_tag&post=1491"}],"curies":[{"name":"wp","href":"https:\/\/api.w.org\/{rel}","templated":true}]}}