{"id":1486,"date":"2023-05-26T02:28:59","date_gmt":"2023-05-26T02:28:59","guid":{"rendered":"https:\/\/surtiriegofacatativa.com\/?post_type=product&#038;p=1486"},"modified":"2024-10-05T13:14:50","modified_gmt":"2024-10-05T13:14:50","slug":"generador-g2500p","status":"publish","type":"product","link":"https:\/\/surtiriegofacatativa.com\/?product=generador-g2500p","title":{"rendered":"GENERADOR G2500P"},"content":{"rendered":"","protected":false},"excerpt":{"rendered":"<p>Generador de tama\u00f1o medio, 2.0kW (50Hz), perfecto para los hogares y lugares de trabajo cuyo suministro de electricidad es limitado. Su tanque de 14L asegura un funcionamiento continuo de su motor a gasolina en cualquier situaci\u00f3n. Est\u00e1 equipado con un panel sencillo de usar, muy intuitivo y su dise\u00f1o ergon\u00f3mico te permitir\u00e1 transportarlo c\u00f3modamente.<\/p>\n<p>&nbsp;<\/p>\n<table class=\"hbd-table hbd-spec-table\">\n<tbody>\n<tr class=\"hbd-spec-table__spec-row hbd-spec-table__column-sticky\">\n<th class=\"hbd-spec-table__spec-name hui-text-body2\">Potencia (kW)<\/th>\n<td class=\"hbd-spec-table__spec-value hui-text-body2 hbd-spec-table__spec-value--active\">2,7 HP<\/td>\n<\/tr>\n<tr class=\"hbd-spec-table__spec-row hbd-spec-table__column-sticky\">\n<th class=\"hbd-spec-table__spec-name hui-text-body2\">Fabricante del motor<\/th>\n<td class=\"hbd-spec-table__spec-value hui-text-body2 hbd-spec-table__spec-value--active\">Weima<\/td>\n<\/tr>\n<tr class=\"hbd-spec-table__spec-row hbd-spec-table__column-sticky\">\n<th class=\"hbd-spec-table__spec-name hui-text-body2\">Potencia<\/th>\n<td class=\"hbd-spec-table__spec-value hui-text-body2 hbd-spec-table__spec-value--active\">2.000 W<\/td>\n<\/tr>\n<tr class=\"hbd-spec-table__spec-row hbd-spec-table__column-sticky\">\n<th class=\"hbd-spec-table__spec-name hui-text-body2\">Cilindrada<\/th>\n<td class=\"hbd-spec-table__spec-value hui-text-body2 hbd-spec-table__spec-value--active\">196 cm\u00b3<\/td>\n<\/tr>\n<tr class=\"hbd-spec-table__spec-row hbd-spec-table__column-sticky\">\n<th class=\"hbd-spec-table__spec-name hui-text-body2\">Capacidad del tanque<\/th>\n<td class=\"hbd-spec-table__spec-value hui-text-body2 hbd-spec-table__spec-value--active\">14 l<\/td>\n<\/tr>\n<tr class=\"hbd-spec-table__spec-row hbd-spec-table__column-sticky\">\n<th class=\"hbd-spec-table__spec-name hui-text-body2\">Consumo de combustible<\/th>\n<td class=\"hbd-spec-table__spec-value hui-text-body2 hbd-spec-table__spec-value--active\">395 g\/kWh<\/td>\n<\/tr>\n<tr class=\"hbd-spec-table__spec-row hbd-spec-table__column-sticky\">\n<th class=\"hbd-spec-table__spec-name hui-text-body2\">Tipo de filtro de aire<\/th>\n<td class=\"hbd-spec-table__spec-value hui-text-body2 hbd-spec-table__spec-value--active\">Dry<\/td>\n<\/tr>\n<\/tbody>\n<\/table>\n","protected":false},"featured_media":1487,"template":"","meta":{"_mi_skip_tracking":false,"_monsterinsights_sitenote_active":false,"_monsterinsights_sitenote_note":"","_monsterinsights_sitenote_category":0,"_joinchat":[]},"product_cat":[41,16],"product_tag":[],"class_list":{"0":"post-1486","1":"product","2":"type-product","3":"status-publish","4":"has-post-thumbnail","6":"product_cat-generadores-husvarna","7":"product_cat-husqvarna-herramientas-de-corte-maquinaria-agricola","8":"thunk-woo-product-list","9":"opn-qv-enable","10":"top-store-woo-hover-","11":"top-store-single-product-tab-horizontal","12":"top-store-shadow-","13":"top-store-shadow-hover-","15":"first","16":"instock","17":"virtual","18":"purchasable","19":"product-type-simple"},"aioseo_notices":[],"_links":{"self":[{"href":"https:\/\/surtiriegofacatativa.com\/index.php?rest_route=\/wp\/v2\/product\/1486","targetHints":{"allow":["GET"]}}],"collection":[{"href":"https:\/\/surtiriegofacatativa.com\/index.php?rest_route=\/wp\/v2\/product"}],"about":[{"href":"https:\/\/surtiriegofacatativa.com\/index.php?rest_route=\/wp\/v2\/types\/product"}],"wp:featuredmedia":[{"embeddable":true,"href":"https:\/\/surtiriegofacatativa.com\/index.php?rest_route=\/wp\/v2\/media\/1487"}],"wp:attachment":[{"href":"https:\/\/surtiriegofacatativa.com\/index.php?rest_route=%2Fwp%2Fv2%2Fmedia&parent=1486"}],"wp:term":[{"taxonomy":"product_cat","embeddable":true,"href":"https:\/\/surtiriegofacatativa.com\/index.php?rest_route=%2Fwp%2Fv2%2Fproduct_cat&post=1486"},{"taxonomy":"product_tag","embeddable":true,"href":"https:\/\/surtiriegofacatativa.com\/index.php?rest_route=%2Fwp%2Fv2%2Fproduct_tag&post=1486"}],"curies":[{"name":"wp","href":"https:\/\/api.w.org\/{rel}","templated":true}]}}