{"id":1030,"date":"2022-06-06T04:20:47","date_gmt":"2022-06-06T04:20:47","guid":{"rendered":"https:\/\/surtiriegofacatativa.com\/?post_type=product&#038;p=1030"},"modified":"2024-10-03T18:33:48","modified_gmt":"2024-10-03T18:33:48","slug":"shindaiwa-b45","status":"publish","type":"product","link":"https:\/\/surtiriegofacatativa.com\/?product=shindaiwa-b45","title":{"rendered":"Shindaiwa B45"},"content":{"rendered":"","protected":false},"excerpt":{"rendered":"<p><strong>Caracteristicas<\/strong><\/p>\n<p>Motor De Dos Tiempos Premium Fabricado Por Shindaiwa.<br \/>\nEncendido Electr\u00f3nico De 1 Pieza.<br \/>\nPist\u00f3n De 2 Anillos<br \/>\nDise\u00f1o Duradero Para Enfrentar Cualquier Trabajo.<br \/>\nMotor, Mango Y Arn\u00e9s Completamente Antivibratorio.<br \/>\nEje Central De Acero Carbono Que Reducen La Vibraci\u00f3n Y La Fatiga Del Usuario.<br \/>\nCaja De Engranajes Helicoidales De Alta Resistencia Con Extremos Acanalados Para Una Transferencia De Potencia Sin Vibraciones.<br \/>\nTubo Externo De Aluminio De Grado Aeron\u00e1utico.<br \/>\n<strong>Especificaciones T\u00e9cnicas<\/strong><\/p>\n<p>Motor De Dos Tiempos<br \/>\nPeso En Seco Sin Accesorios 8,6 Kg.<br \/>\nCilindraje 41,5 Cc.<br \/>\nLongitud Total 1,69 M.<br \/>\nCapacidad Combustible 760 Ml.<br \/>\nCarburador Diafragma<br \/>\n<strong>Accesorios Incluidos:<br \/>\n<\/strong>Aceite Original Shindaiwa, Dos Cuchillas Corbat\u00edn, Frasco Mezclador, Tubo De Grasa, Gafas De Protecci\u00f3n, Arn\u00e9s Profesional, Herramientas De Armado, Manual De Instrucciones.<\/p>\n","protected":false},"featured_media":2350,"template":"","meta":{"_mi_skip_tracking":false,"_monsterinsights_sitenote_active":false,"_monsterinsights_sitenote_note":"","_monsterinsights_sitenote_category":0,"_joinchat":[]},"product_cat":[19],"product_tag":[],"class_list":{"0":"post-1030","1":"product","2":"type-product","3":"status-publish","4":"has-post-thumbnail","6":"product_cat-guadanas-shindaiwa","7":"thunk-woo-product-list","8":"opn-qv-enable","9":"top-store-woo-hover-","10":"top-store-single-product-tab-horizontal","11":"top-store-shadow-","12":"top-store-shadow-hover-","14":"first","15":"instock","16":"virtual","17":"purchasable","18":"product-type-simple"},"aioseo_notices":[],"_links":{"self":[{"href":"https:\/\/surtiriegofacatativa.com\/index.php?rest_route=\/wp\/v2\/product\/1030","targetHints":{"allow":["GET"]}}],"collection":[{"href":"https:\/\/surtiriegofacatativa.com\/index.php?rest_route=\/wp\/v2\/product"}],"about":[{"href":"https:\/\/surtiriegofacatativa.com\/index.php?rest_route=\/wp\/v2\/types\/product"}],"wp:featuredmedia":[{"embeddable":true,"href":"https:\/\/surtiriegofacatativa.com\/index.php?rest_route=\/wp\/v2\/media\/2350"}],"wp:attachment":[{"href":"https:\/\/surtiriegofacatativa.com\/index.php?rest_route=%2Fwp%2Fv2%2Fmedia&parent=1030"}],"wp:term":[{"taxonomy":"product_cat","embeddable":true,"href":"https:\/\/surtiriegofacatativa.com\/index.php?rest_route=%2Fwp%2Fv2%2Fproduct_cat&post=1030"},{"taxonomy":"product_tag","embeddable":true,"href":"https:\/\/surtiriegofacatativa.com\/index.php?rest_route=%2Fwp%2Fv2%2Fproduct_tag&post=1030"}],"curies":[{"name":"wp","href":"https:\/\/api.w.org\/{rel}","templated":true}]}}