{"id":1441,"date":"2023-05-23T02:29:56","date_gmt":"2023-05-23T02:29:56","guid":{"rendered":"https:\/\/surtiriegofacatativa.com\/?page_id=1441"},"modified":"2023-05-28T21:22:08","modified_gmt":"2023-05-28T21:22:08","slug":"mision","status":"publish","type":"page","link":"https:\/\/surtiriegofacatativa.com\/?page_id=1441","title":{"rendered":"Misi\u00f3n"},"content":{"rendered":"\n<figure class=\"wp-block-image size-full is-resized\"><img fetchpriority=\"high\" decoding=\"async\" src=\"https:\/\/surtiriegofacatativa.com\/wp-content\/uploads\/2023\/05\/pexels-photo-15824258-edited.jpeg\" alt=\"food landscape people field\" class=\"wp-image-1443\" width=\"839\" height=\"525\" srcset=\"https:\/\/surtiriegofacatativa.com\/wp-content\/uploads\/2023\/05\/pexels-photo-15824258-edited.jpeg 731w, https:\/\/surtiriegofacatativa.com\/wp-content\/uploads\/2023\/05\/pexels-photo-15824258-edited-600x375.jpeg 600w, https:\/\/surtiriegofacatativa.com\/wp-content\/uploads\/2023\/05\/pexels-photo-15824258-edited-300x188.jpeg 300w, https:\/\/surtiriegofacatativa.com\/wp-content\/uploads\/2023\/05\/pexels-photo-15824258-edited-48x30.jpeg 48w\" sizes=\"(max-width: 839px) 100vw, 839px\" \/><figcaption class=\"wp-element-caption\">Photo by Gildardo Reyes on <a href=\"https:\/\/www.pexels.com\/photo\/food-landscape-people-field-15824258\/\" rel=\"nofollow\">Pexels.com<\/a><\/figcaption><\/figure>\n\n\n\n<p>Convertirnos en el distribuidor l\u00edder de equipos agr\u00edcolas e industriales en Colombia brindando un servicio al cliente excepcional, soluciones innovadoras y una amplia gama de productos de alta calidad. Nuestro objetivo es continuar construyendo sobre nuestro legado de experiencia y conocimiento de 28 a\u00f1os para superar las expectativas de nuestros cliente, contribuir al crecimiento, \u00e9xito de los sectores de la agricultura y la industria en el pa\u00eds.<\/p>\n\n\n\n<p><\/p>\n\n\n\n<h1 class=\"wp-block-heading\"><strong>Visi\u00f3n<\/strong><\/h1>\n\n\n\n<p>Nuestra visi\u00f3n es convertirnos en el principal proveedor de soluciones agr\u00edcolas e industriales en Colombia para 2030. Nuestro objetivo es lograr esto aprovechando nuestro amplio conocimiento y experiencia en el mercado, y ofreciendo una amplia gama de productos de alta calidad de las mejores marcas de la industria. . Nuestro compromiso de brindar entregas oportunas y asesoramiento experto nos ayudar\u00e1 a construir relaciones duraderas con nuestros clientes y convertirnos en un socio confiable para su \u00e9xito.<\/p>\n","protected":false},"excerpt":{"rendered":"<p>Convertirnos en el distribuidor l\u00edder de equipos agr\u00edcolas e industriales en Colombia brindando un servicio al cliente excepcional, soluciones innovadoras y una amplia gama de productos de alta calidad. Nuestro objetivo es continuar construyendo sobre nuestro legado de experiencia y conocimiento de 28 a\u00f1os para superar las expectativas de nuestros cliente, contribuir al crecimiento, \u00e9xito &hellip;<\/p>\n<p class=\"read-more\"> <a class=\" thunk-readmore button \" href=\"https:\/\/surtiriegofacatativa.com\/?page_id=1441\"> <span class=\"screen-reader-text\">Misi\u00f3n<\/span>Leer m\u00e1s<\/a><\/p>\n","protected":false},"author":1,"featured_media":0,"parent":0,"menu_order":0,"comment_status":"closed","ping_status":"closed","template":"","meta":{"_mi_skip_tracking":false,"_monsterinsights_sitenote_active":false,"_monsterinsights_sitenote_note":"","_monsterinsights_sitenote_category":0,"_joinchat":[],"footnotes":""},"class_list":["post-1441","page","type-page","status-publish","hentry","thunk-woo-product-list","opn-qv-enable","top-store-woo-hover-","top-store-single-product-tab-horizontal","top-store-shadow-","top-store-shadow-hover-"],"aioseo_notices":[],"_links":{"self":[{"href":"https:\/\/surtiriegofacatativa.com\/index.php?rest_route=\/wp\/v2\/pages\/1441","targetHints":{"allow":["GET"]}}],"collection":[{"href":"https:\/\/surtiriegofacatativa.com\/index.php?rest_route=\/wp\/v2\/pages"}],"about":[{"href":"https:\/\/surtiriegofacatativa.com\/index.php?rest_route=\/wp\/v2\/types\/page"}],"author":[{"embeddable":true,"href":"https:\/\/surtiriegofacatativa.com\/index.php?rest_route=\/wp\/v2\/users\/1"}],"replies":[{"embeddable":true,"href":"https:\/\/surtiriegofacatativa.com\/index.php?rest_route=%2Fwp%2Fv2%2Fcomments&post=1441"}],"version-history":[{"count":1,"href":"https:\/\/surtiriegofacatativa.com\/index.php?rest_route=\/wp\/v2\/pages\/1441\/revisions"}],"predecessor-version":[{"id":1445,"href":"https:\/\/surtiriegofacatativa.com\/index.php?rest_route=\/wp\/v2\/pages\/1441\/revisions\/1445"}],"wp:attachment":[{"href":"https:\/\/surtiriegofacatativa.com\/index.php?rest_route=%2Fwp%2Fv2%2Fmedia&parent=1441"}],"curies":[{"name":"wp","href":"https:\/\/api.w.org\/{rel}","templated":true}]}}